{"id":1156,"date":"2023-10-05T13:25:55","date_gmt":"2023-10-05T11:25:55","guid":{"rendered":"https:\/\/dev.jakobitsch.everyday.at\/?page_id=1156"},"modified":"2025-04-23T12:42:12","modified_gmt":"2025-04-23T10:42:12","slug":"impressum","status":"publish","type":"page","link":"https:\/\/jakobitsch.at\/en\/impressum\/","title":{"rendered":"Imprint"},"content":{"rendered":"<div data-elementor-type=\"wp-page\" data-elementor-id=\"1156\" class=\"elementor elementor-1156\" data-elementor-post-type=\"page\">\n\t\t\t\t<div class=\"elementor-element elementor-element-36b7903 e-flex e-con-boxed e-con e-parent\" data-id=\"36b7903\" data-element_type=\"container\" data-e-type=\"container\">\n\t\t\t\t\t<div class=\"e-con-inner\">\n\t\t<div class=\"elementor-element elementor-element-8b52f2a e-con-full e-flex e-con e-child\" data-id=\"8b52f2a\" data-element_type=\"container\" data-e-type=\"container\">\n\t\t<div class=\"elementor-element elementor-element-e0e06c5 e-con-full e-flex e-con e-child\" data-id=\"e0e06c5\" data-element_type=\"container\" data-e-type=\"container\">\n\t\t\t\t<div class=\"elementor-element elementor-element-6d1b386 elementor-widget elementor-widget-heading\" data-id=\"6d1b386\" data-element_type=\"widget\" data-e-type=\"widget\" data-widget_type=\"heading.default\">\n\t\t\t\t<div class=\"elementor-widget-container\">\n\t\t\t\t\t<h1 class=\"elementor-heading-title elementor-size-default\"><span style=\"white-space: normal;margin: 0px 0px 15px;padding: 0px;border: 0px;font-size: 30px;line-height: 40px;, sans-serif;vertical-align: baseline\">Offenlegung gem\u00e4\u00df&nbsp;<br>\u00a7 25 MEDIENGESETZ<\/span><\/h1>\t\t\t\t<\/div>\n\t\t\t\t<\/div>\n\t\t\t\t<div class=\"elementor-element elementor-element-fb8243c elementor-widget elementor-widget-text-editor\" data-id=\"fb8243c\" data-element_type=\"widget\" data-e-type=\"widget\" data-widget_type=\"text-editor.default\">\n\t\t\t\t<div class=\"elementor-widget-container\">\n\t\t\t\t\t\t\t\t\t<p><b>Dr. Udo Jakobitsch &amp; Heliodora Jakobitsch<\/b><\/p><p>Lower village 15<br \/>A- 6073 Sistrans<\/p><p>Telefon: <a href=\"tel:%20+43512348444\">+43 (0) 512 348 444<\/a><br \/>E-Mail: <a href=\"mailto:pr****@********ch.at\" data-original-string=\"d92p3Ilu0vbY5qZaS1FARw==f9axSv3\/ujnpZiGyorMcUOceBiA\/l57R9wEDuOinxPD+w8=\" title=\"This contact has been encoded by Anti-Spam by CleanTalk. Click to decode. To finish the decoding make sure that JavaScript is enabled in your browser.\"><span \n                data-original-string='i7semPsIzCNyF4jWK+A5gg==f9akl3F6je3nx5\/a072\/Ix4Zm+7\/kG3CdaSqIin9XthIrs='\n                class='apbct-email-encoder'\n                title='This contact has been encoded by Anti-Spam by CleanTalk. Click to decode. To finish the decoding make sure that JavaScript is enabled in your browser.'>pr<span class=\"apbct-blur\">****<\/span>@<span class=\"apbct-blur\">********<\/span>ch.at<\/span><\/a><\/p><p>Unternehmensgegenstand:\u00a0<span style=\"text-align: var(--text-align); font-size: 1rem;\">Ordination\/Wahlarzt<\/span><\/p><p><span style=\"text-align: var(--text-align); font-size: 1rem;\">\u00a0<\/span><\/p>\t\t\t\t\t\t\t\t<\/div>\n\t\t\t\t<\/div>\n\t\t\t\t<\/div>\n\t\t<div class=\"elementor-element elementor-element-a07c054 e-con-full e-flex e-con e-child\" data-id=\"a07c054\" data-element_type=\"container\" data-e-type=\"container\">\n\t\t\t\t<div class=\"elementor-element elementor-element-6207052 elementor-widget elementor-widget-heading\" data-id=\"6207052\" data-element_type=\"widget\" data-e-type=\"widget\" data-widget_type=\"heading.default\">\n\t\t\t\t<div class=\"elementor-widget-container\">\n\t\t\t\t\t<h2 class=\"elementor-heading-title elementor-size-default\">Verantwortlich f\u00fcr den Inhalt: Dr. Udo Jakobitsch<\/h2>\t\t\t\t<\/div>\n\t\t\t\t<\/div>\n\t\t\t\t<div class=\"elementor-element elementor-element-e46cca4 elementor-widget elementor-widget-text-editor\" data-id=\"e46cca4\" data-element_type=\"widget\" data-e-type=\"widget\" data-widget_type=\"text-editor.default\">\n\t\t\t\t<div class=\"elementor-widget-container\">\n\t\t\t\t\t\t\t\t\t<p>Es wird keinerlei Haftung f\u00fcr den Inhalt, insbesondere f\u00fcr die Richtigkeit, Vollst\u00e4ndigkeit und Aktualit\u00e4t der Website \u00fcbernommen. Irrt\u00fcmer werden vorbehalten. Dieser Haftungsausschluss gilt auch f\u00fcr verlinkte Seiten.<\/p>\t\t\t\t\t\t\t\t<\/div>\n\t\t\t\t<\/div>\n\t\t\t\t<div class=\"elementor-element elementor-element-4792e04 elementor-widget elementor-widget-heading\" data-id=\"4792e04\" data-element_type=\"widget\" data-e-type=\"widget\" data-widget_type=\"heading.default\">\n\t\t\t\t<div class=\"elementor-widget-container\">\n\t\t\t\t\t<h2 class=\"elementor-heading-title elementor-size-default\">Webdesign<\/h2>\t\t\t\t<\/div>\n\t\t\t\t<\/div>\n\t\t\t\t<div class=\"elementor-element elementor-element-9208e09 elementor-widget elementor-widget-text-editor\" data-id=\"9208e09\" data-element_type=\"widget\" data-e-type=\"widget\" data-widget_type=\"text-editor.default\">\n\t\t\t\t<div class=\"elementor-widget-container\">\n\t\t\t\t\t\t\t\t\t<p><a href=\"https:\/\/www.idlab.at\/\" target=\"_blank\" rel=\"noopener\">https:\/\/www.idlab.at\/<\/a><\/p>\t\t\t\t\t\t\t\t<\/div>\n\t\t\t\t<\/div>\n\t\t\t\t<div class=\"elementor-element elementor-element-0159dab elementor-widget elementor-widget-heading\" data-id=\"0159dab\" data-element_type=\"widget\" data-e-type=\"widget\" data-widget_type=\"heading.default\">\n\t\t\t\t<div class=\"elementor-widget-container\">\n\t\t\t\t\t<h2 class=\"elementor-heading-title elementor-size-default\">Fotos<\/h2>\t\t\t\t<\/div>\n\t\t\t\t<\/div>\n\t\t\t\t<div class=\"elementor-element elementor-element-b746585 elementor-widget elementor-widget-text-editor\" data-id=\"b746585\" data-element_type=\"widget\" data-e-type=\"widget\" data-widget_type=\"text-editor.default\">\n\t\t\t\t<div class=\"elementor-widget-container\">\n\t\t\t\t\t\t\t\t\t<p><a href=\"https:\/\/stock.adobe.com\/at\" target=\"_blank\" rel=\"noopener\">Adobe Stock<\/a><\/p>\t\t\t\t\t\t\t\t<\/div>\n\t\t\t\t<\/div>\n\t\t\t\t<\/div>\n\t\t\t\t<\/div>\n\t\t\t\t\t<\/div>\n\t\t\t\t<\/div>\n\t\t<div class=\"elementor-element elementor-element-46cc8b6 e-flex e-con-boxed e-con e-parent\" data-id=\"46cc8b6\" data-element_type=\"container\" data-e-type=\"container\">\n\t\t\t\t\t<div class=\"e-con-inner\">\n\t\t<div class=\"elementor-element elementor-element-57a3450 e-con-full e-flex e-con e-child\" data-id=\"57a3450\" data-element_type=\"container\" data-e-type=\"container\">\n\t\t\t\t<div class=\"elementor-element elementor-element-ddfa245 elementor-widget elementor-widget-google_maps\" data-id=\"ddfa245\" data-element_type=\"widget\" data-e-type=\"widget\" data-widget_type=\"google_maps.default\">\n\t\t\t\t<div class=\"elementor-widget-container\">\n\t\t\t\t\t\t\t<div class=\"elementor-custom-embed\">\n\t\t\t<iframe loading=\"lazy\"\n\t\t\t\t\tsrc=\"https:\/\/maps.google.com\/maps?q=Dorf%202%2C%206071%20Aldrans&#038;t=m&#038;z=10&#038;output=embed&#038;iwloc=near\"\n\t\t\t\t\ttitle=\"Dorf 2, 6071 Aldrans\"\n\t\t\t\t\taria-label=\"Dorf 2, 6071 Aldrans\"\n\t\t\t><\/iframe>\n\t\t<\/div>\n\t\t\t\t\t\t<\/div>\n\t\t\t\t<\/div>\n\t\t\t\t<\/div>\n\t\t<div class=\"elementor-element elementor-element-189051f e-con-full e-flex e-con e-child\" data-id=\"189051f\" data-element_type=\"container\" data-e-type=\"container\">\n\t\t\t\t<\/div>\n\t\t\t\t\t<\/div>\n\t\t\t\t<\/div>\n\t\t\t\t<\/div>","protected":false},"excerpt":{"rendered":"<p>Offenlegung gem\u00e4\u00df&nbsp;\u00a7 25 MEDIENGESETZ Dr. Udo Jakobitsch &amp; Heliodora Jakobitsch Unterdorf 15A- 6073 Sistrans Telefon: +43 (0) 512 348 444E-Mail: pr****@********ch.at Unternehmensgegenstand:\u00a0Ordination\/Wahlarzt \u00a0 Verantwortlich f\u00fcr den Inhalt: Dr. Udo Jakobitsch Es wird keinerlei Haftung f\u00fcr den Inhalt, insbesondere f\u00fcr die Richtigkeit, Vollst\u00e4ndigkeit und Aktualit\u00e4t der Website \u00fcbernommen. Irrt\u00fcmer werden vorbehalten. Dieser Haftungsausschluss gilt auch f\u00fcr [&hellip;]<\/p>\n","protected":false},"author":3,"featured_media":0,"parent":0,"menu_order":0,"comment_status":"closed","ping_status":"closed","template":"","meta":{"inline_featured_image":false,"footnotes":""},"class_list":["post-1156","page","type-page","status-publish","hentry"],"_links":{"self":[{"href":"https:\/\/jakobitsch.at\/en\/wp-json\/wp\/v2\/pages\/1156","targetHints":{"allow":["GET"]}}],"collection":[{"href":"https:\/\/jakobitsch.at\/en\/wp-json\/wp\/v2\/pages"}],"about":[{"href":"https:\/\/jakobitsch.at\/en\/wp-json\/wp\/v2\/types\/page"}],"author":[{"embeddable":true,"href":"https:\/\/jakobitsch.at\/en\/wp-json\/wp\/v2\/users\/3"}],"replies":[{"embeddable":true,"href":"https:\/\/jakobitsch.at\/en\/wp-json\/wp\/v2\/comments?post=1156"}],"version-history":[{"count":13,"href":"https:\/\/jakobitsch.at\/en\/wp-json\/wp\/v2\/pages\/1156\/revisions"}],"predecessor-version":[{"id":2288,"href":"https:\/\/jakobitsch.at\/en\/wp-json\/wp\/v2\/pages\/1156\/revisions\/2288"}],"wp:attachment":[{"href":"https:\/\/jakobitsch.at\/en\/wp-json\/wp\/v2\/media?parent=1156"}],"curies":[{"name":"wp","href":"https:\/\/api.w.org\/{rel}","templated":true}]}}