{"id":1894,"date":"2024-09-11T13:39:54","date_gmt":"2024-09-11T11:39:54","guid":{"rendered":"https:\/\/jakobitsch.at\/?page_id=1894"},"modified":"2026-03-20T09:50:42","modified_gmt":"2026-03-20T08:50:42","slug":"workshops","status":"publish","type":"page","link":"https:\/\/jakobitsch.at\/en\/workshops\/","title":{"rendered":"Workshops\/ Retreats"},"content":{"rendered":"<div data-elementor-type=\"wp-post\" data-elementor-id=\"1894\" class=\"elementor elementor-1894\" data-elementor-post-type=\"page\">\n\t\t\t\t\t\t<section class=\"elementor-section elementor-top-section elementor-element elementor-element-e81738d elementor-section-height-min-height elementor-section-boxed elementor-section-height-default elementor-section-items-middle\" data-id=\"e81738d\" data-element_type=\"section\" data-e-type=\"section\" data-settings=\"{&quot;background_background&quot;:&quot;classic&quot;}\">\n\t\t\t\t\t\t<div class=\"elementor-container elementor-column-gap-default\">\n\t\t\t\t\t<div class=\"elementor-column elementor-col-100 elementor-top-column elementor-element elementor-element-87648ec\" data-id=\"87648ec\" data-element_type=\"column\" data-e-type=\"column\">\n\t\t\t<div class=\"elementor-widget-wrap elementor-element-populated\">\n\t\t\t\t\t\t<div class=\"elementor-element elementor-element-6991d10e elementor-widget elementor-widget-text-editor\" data-id=\"6991d10e\" data-element_type=\"widget\" data-e-type=\"widget\" data-widget_type=\"text-editor.default\">\n\t\t\t\t<div class=\"elementor-widget-container\">\n\t\t\t\t\t\t\t\t\t<p>Medical Medium inspiriert<\/p>\t\t\t\t\t\t\t\t<\/div>\n\t\t\t\t<\/div>\n\t\t\t\t<div class=\"elementor-element elementor-element-783bb3df elementor-widget elementor-widget-heading\" data-id=\"783bb3df\" data-element_type=\"widget\" data-e-type=\"widget\" data-widget_type=\"heading.default\">\n\t\t\t\t<div class=\"elementor-widget-container\">\n\t\t\t\t\t<h1 class=\"elementor-heading-title elementor-size-default\">Vortr\u00e4ge &amp; Retreats<\/h1>\t\t\t\t<\/div>\n\t\t\t\t<\/div>\n\t\t\t\t\t<\/div>\n\t\t<\/div>\n\t\t\t\t\t<\/div>\n\t\t<\/section>\n\t\t<div class=\"elementor-element elementor-element-067d2e8 e-flex e-con-boxed e-con e-parent\" data-id=\"067d2e8\" data-element_type=\"container\" data-e-type=\"container\" data-settings=\"{&quot;background_background&quot;:&quot;classic&quot;}\">\n\t\t\t\t\t<div class=\"e-con-inner\">\n\t\t<div class=\"elementor-element elementor-element-8487108 e-con-full e-flex elementor-invisible e-con e-child\" data-id=\"8487108\" data-element_type=\"container\" data-e-type=\"container\" data-settings=\"{&quot;animation&quot;:&quot;fadeInLeft&quot;}\">\n\t\t\t\t<div class=\"elementor-element elementor-element-93149f3 elementor-widget elementor-widget-image\" data-id=\"93149f3\" data-element_type=\"widget\" data-e-type=\"widget\" data-widget_type=\"image.default\">\n\t\t\t\t<div class=\"elementor-widget-container\">\n\t\t\t\t\t\t\t\t\t\t\t\t\t\t\t\t<a href=\"https:\/\/yogafuermich.info\/aw-retreat-oetztal\/\" target=\"_blank\">\n\t\t\t\t\t\t\t<img fetchpriority=\"high\" decoding=\"async\" width=\"800\" height=\"1000\" src=\"https:\/\/jakobitsch.at\/wp-content\/uploads\/2025\/01\/WhatsApp-Image-2026-03-06-at-21.00.38-1-819x1024.jpeg\" class=\"attachment-large size-large wp-image-3083\" alt=\"\" srcset=\"https:\/\/jakobitsch.at\/wp-content\/uploads\/2025\/01\/WhatsApp-Image-2026-03-06-at-21.00.38-1-819x1024.jpeg 819w, https:\/\/jakobitsch.at\/wp-content\/uploads\/2025\/01\/WhatsApp-Image-2026-03-06-at-21.00.38-1-240x300.jpeg 240w, https:\/\/jakobitsch.at\/wp-content\/uploads\/2025\/01\/WhatsApp-Image-2026-03-06-at-21.00.38-1-768x960.jpeg 768w, https:\/\/jakobitsch.at\/wp-content\/uploads\/2025\/01\/WhatsApp-Image-2026-03-06-at-21.00.38-1-1229x1536.jpeg 1229w, https:\/\/jakobitsch.at\/wp-content\/uploads\/2025\/01\/WhatsApp-Image-2026-03-06-at-21.00.38-1-10x12.jpeg 10w, https:\/\/jakobitsch.at\/wp-content\/uploads\/2025\/01\/WhatsApp-Image-2026-03-06-at-21.00.38-1-1320x1650.jpeg 1320w, https:\/\/jakobitsch.at\/wp-content\/uploads\/2025\/01\/WhatsApp-Image-2026-03-06-at-21.00.38-1.jpeg 1638w\" sizes=\"(max-width: 800px) 100vw, 800px\" \/>\t\t\t\t\t\t\t\t<\/a>\n\t\t\t\t\t\t\t\t\t\t\t\t\t\t\t<\/div>\n\t\t\t\t<\/div>\n\t\t\t\t<\/div>\n\t\t<div class=\"elementor-element elementor-element-2806095 e-con-full e-flex e-con e-child\" data-id=\"2806095\" data-element_type=\"container\" data-e-type=\"container\">\n\t\t\t\t<div class=\"elementor-element elementor-element-69332f5 elementor-widget elementor-widget-image\" data-id=\"69332f5\" data-element_type=\"widget\" data-e-type=\"widget\" data-widget_type=\"image.default\">\n\t\t\t\t<div class=\"elementor-widget-container\">\n\t\t\t\t\t\t\t\t\t\t\t\t\t\t\t\t<a href=\"https:\/\/yogafuermich.info\/aw-retreat-oetztal\/\" target=\"_blank\">\n\t\t\t\t\t\t\t<img decoding=\"async\" width=\"768\" height=\"960\" src=\"https:\/\/jakobitsch.at\/wp-content\/uploads\/2026\/03\/WhatsApp-Image-2026-03-06-at-21.00.38-768x960.jpeg\" class=\"attachment-medium_large size-medium_large wp-image-3085\" alt=\"\" srcset=\"https:\/\/jakobitsch.at\/wp-content\/uploads\/2026\/03\/WhatsApp-Image-2026-03-06-at-21.00.38-768x960.jpeg 768w, https:\/\/jakobitsch.at\/wp-content\/uploads\/2026\/03\/WhatsApp-Image-2026-03-06-at-21.00.38-240x300.jpeg 240w, https:\/\/jakobitsch.at\/wp-content\/uploads\/2026\/03\/WhatsApp-Image-2026-03-06-at-21.00.38-819x1024.jpeg 819w, https:\/\/jakobitsch.at\/wp-content\/uploads\/2026\/03\/WhatsApp-Image-2026-03-06-at-21.00.38-1229x1536.jpeg 1229w, https:\/\/jakobitsch.at\/wp-content\/uploads\/2026\/03\/WhatsApp-Image-2026-03-06-at-21.00.38-10x12.jpeg 10w, https:\/\/jakobitsch.at\/wp-content\/uploads\/2026\/03\/WhatsApp-Image-2026-03-06-at-21.00.38-1320x1650.jpeg 1320w, https:\/\/jakobitsch.at\/wp-content\/uploads\/2026\/03\/WhatsApp-Image-2026-03-06-at-21.00.38.jpeg 1638w\" sizes=\"(max-width: 768px) 100vw, 768px\" \/>\t\t\t\t\t\t\t\t<\/a>\n\t\t\t\t\t\t\t\t\t\t\t\t\t\t\t<\/div>\n\t\t\t\t<\/div>\n\t\t\t\t<\/div>\n\t\t\t\t\t<\/div>\n\t\t\t\t<\/div>\n\t\t<div class=\"elementor-element elementor-element-aa61020 e-flex e-con-boxed e-con e-parent\" data-id=\"aa61020\" data-element_type=\"container\" data-e-type=\"container\" data-settings=\"{&quot;background_background&quot;:&quot;classic&quot;}\">\n\t\t\t\t\t<div class=\"e-con-inner\">\n\t\t\t\t<div class=\"elementor-element elementor-element-93ec51e elementor-widget elementor-widget-button\" data-id=\"93ec51e\" data-element_type=\"widget\" data-e-type=\"widget\" data-widget_type=\"button.default\">\n\t\t\t\t<div class=\"elementor-widget-container\">\n\t\t\t\t\t\t\t\t\t<div class=\"elementor-button-wrapper\">\n\t\t\t\t\t<a class=\"elementor-button elementor-button-link elementor-size-sm\" href=\"https:\/\/yogafuermich.info\/aw-retreat-oetztal\/\" target=\"_blank\">\n\t\t\t\t\t\t<span class=\"elementor-button-content-wrapper\">\n\t\t\t\t\t\t\t\t\t<span class=\"elementor-button-text\">ZUR ANMELDUNG<\/span>\n\t\t\t\t\t<\/span>\n\t\t\t\t\t<\/a>\n\t\t\t\t<\/div>\n\t\t\t\t\t\t\t\t<\/div>\n\t\t\t\t<\/div>\n\t\t\t\t\t<\/div>\n\t\t\t\t<\/div>\n\t\t\t\t<section class=\"elementor-section elementor-top-section elementor-element elementor-element-fcec237 elementor-section-height-min-height elementor-section-boxed elementor-section-height-default elementor-section-items-middle\" data-id=\"fcec237\" data-element_type=\"section\" data-e-type=\"section\" data-settings=\"{&quot;background_background&quot;:&quot;classic&quot;}\">\n\t\t\t\t\t\t<div class=\"elementor-container elementor-column-gap-default\">\n\t\t\t\t\t<div class=\"elementor-column elementor-col-100 elementor-top-column elementor-element elementor-element-558b39c\" data-id=\"558b39c\" data-element_type=\"column\" data-e-type=\"column\">\n\t\t\t<div class=\"elementor-widget-wrap elementor-element-populated\">\n\t\t\t\t\t\t<div class=\"elementor-element elementor-element-24f8260 elementor-widget elementor-widget-text-editor\" data-id=\"24f8260\" data-element_type=\"widget\" data-e-type=\"widget\" data-widget_type=\"text-editor.default\">\n\t\t\t\t<div class=\"elementor-widget-container\">\n\t\t\t\t\t\t\t\t\t<p>vegan, gluten-free, and according to Anthony William<\/p>\t\t\t\t\t\t\t\t<\/div>\n\t\t\t\t<\/div>\n\t\t\t\t<div class=\"elementor-element elementor-element-b0188f8 elementor-widget elementor-widget-heading\" data-id=\"b0188f8\" data-element_type=\"widget\" data-e-type=\"widget\" data-widget_type=\"heading.default\">\n\t\t\t\t<div class=\"elementor-widget-container\">\n\t\t\t\t\t<h1 class=\"elementor-heading-title elementor-size-default\">Unsere Koch- und Backworkshops<\/h1>\t\t\t\t<\/div>\n\t\t\t\t<\/div>\n\t\t\t\t\t<\/div>\n\t\t<\/div>\n\t\t\t\t\t<\/div>\n\t\t<\/section>\n\t\t<div class=\"elementor-element elementor-element-2dbe3afa e-flex e-con-boxed e-con e-parent\" data-id=\"2dbe3afa\" data-element_type=\"container\" data-e-type=\"container\" data-settings=\"{&quot;background_background&quot;:&quot;classic&quot;}\">\n\t\t\t\t\t<div class=\"e-con-inner\">\n\t\t<div class=\"elementor-element elementor-element-1066bdf2 e-con-full e-flex elementor-invisible e-con e-child\" data-id=\"1066bdf2\" data-element_type=\"container\" data-e-type=\"container\" data-settings=\"{&quot;animation&quot;:&quot;fadeInLeft&quot;}\">\n\t\t<div class=\"elementor-element elementor-element-dd64dfc e-con-full e-flex e-con e-child\" data-id=\"dd64dfc\" data-element_type=\"container\" data-e-type=\"container\">\n\t\t\t\t<div class=\"elementor-element elementor-element-21cf16b elementor-widget elementor-widget-heading\" data-id=\"21cf16b\" data-element_type=\"widget\" data-e-type=\"widget\" data-widget_type=\"heading.default\">\n\t\t\t\t<div class=\"elementor-widget-container\">\n\t\t\t\t\t<h2 class=\"elementor-heading-title elementor-size-default\">Wir freuen uns sehr, dass unsere Backworkshops so gro\u00dfen Anklang gefunden haben. Aufgrund begrenzter Kapazit\u00e4ten m\u00fcssen wir sie jedoch vor\u00fcbergehend pausieren.<\/h2>\t\t\t\t<\/div>\n\t\t\t\t<\/div>\n\t\t\t\t<div class=\"elementor-element elementor-element-57c597ca elementor-widget elementor-widget-heading\" data-id=\"57c597ca\" data-element_type=\"widget\" data-e-type=\"widget\" data-widget_type=\"heading.default\">\n\t\t\t\t<div class=\"elementor-widget-container\">\n\t\t\t\t\t<h2 class=\"elementor-heading-title elementor-size-default\">vegan, gluten-free, and according to Anthony William<\/h2>\t\t\t\t<\/div>\n\t\t\t\t<\/div>\n\t\t\t\t<\/div>\n\t\t\t\t<\/div>\n\t\t<div class=\"elementor-element elementor-element-673233cc e-con-full e-flex e-con e-child\" data-id=\"673233cc\" data-element_type=\"container\" data-e-type=\"container\">\n\t\t\t\t<div class=\"elementor-element elementor-element-6b083312 elementor-invisible elementor-widget elementor-widget-image\" data-id=\"6b083312\" data-element_type=\"widget\" data-e-type=\"widget\" data-settings=\"{&quot;_animation&quot;:&quot;bounceIn&quot;}\" data-widget_type=\"image.default\">\n\t\t\t\t<div class=\"elementor-widget-container\">\n\t\t\t\t\t\t\t\t\t\t\t\t\t\t\t<img decoding=\"async\" width=\"150\" height=\"150\" src=\"https:\/\/jakobitsch.at\/wp-content\/uploads\/2024\/09\/workshops.svg\" class=\"attachment-thumbnail size-thumbnail wp-image-1957\" alt=\"\" \/>\t\t\t\t\t\t\t\t\t\t\t\t\t\t\t<\/div>\n\t\t\t\t<\/div>\n\t\t\t\t<\/div>\n\t\t\t\t\t<\/div>\n\t\t\t\t<\/div>\n\t\t\t\t<section class=\"elementor-section elementor-top-section elementor-element elementor-element-1af5ad8 elementor-section-boxed elementor-section-height-default elementor-section-height-default\" data-id=\"1af5ad8\" data-element_type=\"section\" data-e-type=\"section\">\n\t\t\t\t\t\t<div class=\"elementor-container elementor-column-gap-default\">\n\t\t\t\t\t<div class=\"elementor-column elementor-col-50 elementor-top-column elementor-element elementor-element-da63dc1\" data-id=\"da63dc1\" data-element_type=\"column\" data-e-type=\"column\">\n\t\t\t<div class=\"elementor-widget-wrap elementor-element-populated\">\n\t\t\t\t\t\t<div class=\"elementor-element elementor-element-fb46e78 elementor-widget elementor-widget-heading\" data-id=\"fb46e78\" data-element_type=\"widget\" data-e-type=\"widget\" data-widget_type=\"heading.default\">\n\t\t\t\t<div class=\"elementor-widget-container\">\n\t\t\t\t\t<h4 class=\"elementor-heading-title elementor-size-default\">Cooking and baking workshop<\/h4>\t\t\t\t<\/div>\n\t\t\t\t<\/div>\n\t\t\t\t<div class=\"elementor-element elementor-element-140e81c elementor-widget elementor-widget-heading\" data-id=\"140e81c\" data-element_type=\"widget\" data-e-type=\"widget\" data-widget_type=\"heading.default\">\n\t\t\t\t<div class=\"elementor-widget-container\">\n\t\t\t\t\t<h2 class=\"elementor-heading-title elementor-size-default\">14.Oktober 2025 Beginn 18:00<\/h2>\t\t\t\t<\/div>\n\t\t\t\t<\/div>\n\t\t\t\t<div class=\"elementor-element elementor-element-653183f elementor-widget elementor-widget-heading\" data-id=\"653183f\" data-element_type=\"widget\" data-e-type=\"widget\" data-widget_type=\"heading.default\">\n\t\t\t\t<div class=\"elementor-widget-container\">\n\t\t\t\t\t<h2 class=\"elementor-heading-title elementor-size-default\">Dauer ca. 3h &amp; max. 8 Teilnehmer,  54\u20ac<\/h2>\t\t\t\t<\/div>\n\t\t\t\t<\/div>\n\t\t\t\t<div class=\"elementor-element elementor-element-4ba9880 elementor-widget elementor-widget-text-editor\" data-id=\"4ba9880\" data-element_type=\"widget\" data-e-type=\"widget\" data-widget_type=\"text-editor.default\">\n\t\t\t\t<div class=\"elementor-widget-container\">\n\t\t\t\t\t\t\t\t\t<p>Wir kochen\/ backen:<\/p><ul><li>green smoothie<\/li><li>Sp\u00e4tzle mit Schwammerlsauce<\/li><li>Brot mit Hummus<\/li><li>Pistazienkuchen<\/li><\/ul><p>\u00a0<\/p><p><strong>Im Kochstudio Hall<\/strong>, <strong>Schl\u00f6glstra\u00dfe 57\/3. Stock<\/strong>,<br \/><strong>A-6060 Hall i. Tirol, Tel: <a href=\"Tel:+4366488587193\">+43 664 8858 71 93<\/a><\/strong><\/p>\t\t\t\t\t\t\t\t<\/div>\n\t\t\t\t<\/div>\n\t\t\t\t\t<\/div>\n\t\t<\/div>\n\t\t\t\t<div class=\"elementor-column elementor-col-50 elementor-top-column elementor-element elementor-element-70820c6\" data-id=\"70820c6\" data-element_type=\"column\" data-e-type=\"column\">\n\t\t\t<div class=\"elementor-widget-wrap elementor-element-populated\">\n\t\t\t\t\t\t<div class=\"elementor-element elementor-element-24c43b2 elementor-widget elementor-widget-image\" data-id=\"24c43b2\" data-element_type=\"widget\" data-e-type=\"widget\" data-widget_type=\"image.default\">\n\t\t\t\t<div class=\"elementor-widget-container\">\n\t\t\t\t\t\t\t\t\t\t\t\t\t\t\t<img loading=\"lazy\" decoding=\"async\" width=\"800\" height=\"534\" src=\"https:\/\/jakobitsch.at\/wp-content\/uploads\/2025\/05\/WorkshopsSpaetzle-1024x683.jpg\" class=\"attachment-large size-large wp-image-2305\" alt=\"\" srcset=\"https:\/\/jakobitsch.at\/wp-content\/uploads\/2025\/05\/WorkshopsSpaetzle-1024x683.jpg 1024w, https:\/\/jakobitsch.at\/wp-content\/uploads\/2025\/05\/WorkshopsSpaetzle-300x200.jpg 300w, https:\/\/jakobitsch.at\/wp-content\/uploads\/2025\/05\/WorkshopsSpaetzle-768x512.jpg 768w, https:\/\/jakobitsch.at\/wp-content\/uploads\/2025\/05\/WorkshopsSpaetzle-1536x1024.jpg 1536w, https:\/\/jakobitsch.at\/wp-content\/uploads\/2025\/05\/WorkshopsSpaetzle.jpg 1620w\" sizes=\"(max-width: 800px) 100vw, 800px\" \/>\t\t\t\t\t\t\t\t\t\t\t\t\t\t\t<\/div>\n\t\t\t\t<\/div>\n\t\t\t\t\t<\/div>\n\t\t<\/div>\n\t\t\t\t\t<\/div>\n\t\t<\/section>\n\t\t\t\t<\/div>","protected":false},"excerpt":{"rendered":"<p>Medical Medium inspiriert Vortr\u00e4ge &amp; Retreats ZUR ANMELDUNG Vegan, glutenfrei &amp; nach Anthony William Unsere Koch- und Backworkshops Wir freuen uns sehr, dass unsere Backworkshops so gro\u00dfen Anklang gefunden haben. Aufgrund begrenzter Kapazit\u00e4ten m\u00fcssen wir sie jedoch vor\u00fcbergehend pausieren. Vegan, glutenfrei &amp; nach Anthony William Koch- und Backworkshop 14.Oktober 2025 Beginn 18:00 Dauer ca. 3h [&hellip;]<\/p>\n","protected":false},"author":6,"featured_media":0,"parent":0,"menu_order":0,"comment_status":"closed","ping_status":"closed","template":"","meta":{"inline_featured_image":false,"footnotes":""},"class_list":["post-1894","page","type-page","status-publish","hentry"],"_links":{"self":[{"href":"https:\/\/jakobitsch.at\/en\/wp-json\/wp\/v2\/pages\/1894","targetHints":{"allow":["GET"]}}],"collection":[{"href":"https:\/\/jakobitsch.at\/en\/wp-json\/wp\/v2\/pages"}],"about":[{"href":"https:\/\/jakobitsch.at\/en\/wp-json\/wp\/v2\/types\/page"}],"author":[{"embeddable":true,"href":"https:\/\/jakobitsch.at\/en\/wp-json\/wp\/v2\/users\/6"}],"replies":[{"embeddable":true,"href":"https:\/\/jakobitsch.at\/en\/wp-json\/wp\/v2\/comments?post=1894"}],"version-history":[{"count":106,"href":"https:\/\/jakobitsch.at\/en\/wp-json\/wp\/v2\/pages\/1894\/revisions"}],"predecessor-version":[{"id":3104,"href":"https:\/\/jakobitsch.at\/en\/wp-json\/wp\/v2\/pages\/1894\/revisions\/3104"}],"wp:attachment":[{"href":"https:\/\/jakobitsch.at\/en\/wp-json\/wp\/v2\/media?parent=1894"}],"curies":[{"name":"wp","href":"https:\/\/api.w.org\/{rel}","templated":true}]}}